{"id":52,"date":"2016-04-11T12:25:14","date_gmt":"2016-04-11T12:25:14","guid":{"rendered":"http:\/\/magnesioimsa.es\/sobre-imsa-copy\/"},"modified":"2024-04-03T12:31:56","modified_gmt":"2024-04-03T10:31:56","slug":"produccion-de-magnesio-antigua","status":"publish","type":"page","link":"https:\/\/magnesioimsa.es\/index.php\/produccion-de-magnesio-antigua\/","title":{"rendered":"Producci\u00f3n de Magnesio antigua"},"content":{"rendered":"<p>[row]<br \/>\n[one_half]<\/p>\n<h3>Producci\u00f3n de Magnesio<\/h3>\n<p>El sulfato de Magnesio es producido y elaborado por IMSA viene de una extracci\u00f3n natural mediante procesos mec\u00e1nicos.<\/p>\n<p>Una vez el material es extraido se purifica para diferentes exigencias: industria, piensos, fertilizantes, etc y posteriormente es almacenado en nuestras instalaciones, IMSA disfruta de 14.000 m2 de naves posicionadas estrat\u00e9gicamente en una red de muy buenas comunicaciones log\u00edsticas tanto terrestres como mar\u00edtimas<\/p>\n<p>IMSA tiene instalaciones de granulaci\u00f3n y compactaci\u00f3n produciendo as\u00ed los granulados necesarios para las aplicaciones agr\u00edcolas, adem\u00e1s de lineas de embasado tanto en saco como en Big-Bags llegando a producciones de 60 Palets\/hora.<\/p>\n<p>El saco de 25 Kg se realiza mediante bobina de polietileno termosoldado eliminando el aire para que el producto permanezca estanco, evitando apelmazamientos y consiguiendo que el producto est\u00e9 en mejores condiciones mucho m\u00e1s tiempo.<\/p>\n<p>Dependiendo de la aplicaci\u00f3n podemos entregar en diferentes formatos de palets<\/p>\n<p>Igu\u00e1lmente se pueden envasar distintos tama\u00f1os de Big-Bags[\/one_half]<br \/>\n[one_half][imageframe style=&#8221;none&#8221; bordercolor=&#8221;&#8221; bordersize=&#8221;0px&#8221; dropcolor=&#8221;&#8221; bottomshadow=&#8221;none&#8221; align=&#8221;left&#8221; mright=&#8221;0px&#8221; mleft=&#8221;0px&#8221; lightbox=&#8221;no&#8221; animation_type=&#8221;0&#8243; animation_speed=&#8221;&#8221;]<img decoding=\"async\" src=\"http:\/\/magnesioimsa.es\/wp-content\/uploads\/2016\/04\/produccion.jpg\" alt=\"\" \/>[\/imageframe][\/one_half]<br \/>\n[\/row]<\/p>\n<p>[separator top=&#8221;40&#8243; style=&#8221;none&#8221;][row]<br \/>\n[one_half][imageframe style=&#8221;none&#8221; bordercolor=&#8221;&#8221; bordersize=&#8221;0px&#8221; dropcolor=&#8221;&#8221; bottomshadow=&#8221;none&#8221; align=&#8221;left&#8221; mright=&#8221;0px&#8221; mleft=&#8221;0px&#8221; lightbox=&#8221;no&#8221; animation_type=&#8221;0&#8243; animation_speed=&#8221;&#8221;]<img decoding=\"async\" src=\"http:\/\/magnesioimsa.es\/wp-content\/uploads\/2016\/04\/produccion3-1.jpg\" alt=\"\" \/>[\/imageframe][\/one_half]<br \/>\n[one_half][imageframe style=&#8221;none&#8221; bordercolor=&#8221;&#8221; bordersize=&#8221;0px&#8221; dropcolor=&#8221;&#8221; bottomshadow=&#8221;none&#8221; align=&#8221;left&#8221; mright=&#8221;0px&#8221; mleft=&#8221;0px&#8221; lightbox=&#8221;no&#8221; animation_type=&#8221;0&#8243; animation_speed=&#8221;&#8221;]<img decoding=\"async\" src=\"http:\/\/magnesioimsa.es\/wp-content\/uploads\/2016\/04\/produccion2.jpg\" alt=\"\" \/>[\/imageframe][\/one_half]<br \/>\n[\/row]<\/p>\n","protected":false},"excerpt":{"rendered":"<p>[row] [one_half] Producci\u00f3n de Magnesio El sulfato de Magnesio es producido y elaborado por IMSA viene de una extracci\u00f3n natural mediante procesos mec\u00e1nicos. Una vez el material es extraido se purifica para diferentes exigencias: industria, piensos, fertilizantes, etc y posteriormente es almacenado en nuestras instalaciones, IMSA disfruta de 14.000 m2 de naves posicionadas estrat\u00e9gicamente en [&hellip;]<\/p>\n","protected":false},"author":1,"featured_media":0,"parent":0,"menu_order":0,"comment_status":"closed","ping_status":"closed","template":"","meta":{"_genesis_hide_title":false,"_genesis_hide_breadcrumbs":false,"_genesis_hide_singular_image":false,"_genesis_hide_footer_widgets":false,"_genesis_custom_body_class":"","_genesis_custom_post_class":"","_genesis_layout":"","footnotes":""},"class_list":{"0":"post-52","1":"page","2":"type-page","3":"status-publish","5":"entry"},"_links":{"self":[{"href":"https:\/\/magnesioimsa.es\/index.php\/wp-json\/wp\/v2\/pages\/52","targetHints":{"allow":["GET"]}}],"collection":[{"href":"https:\/\/magnesioimsa.es\/index.php\/wp-json\/wp\/v2\/pages"}],"about":[{"href":"https:\/\/magnesioimsa.es\/index.php\/wp-json\/wp\/v2\/types\/page"}],"author":[{"embeddable":true,"href":"https:\/\/magnesioimsa.es\/index.php\/wp-json\/wp\/v2\/users\/1"}],"replies":[{"embeddable":true,"href":"https:\/\/magnesioimsa.es\/index.php\/wp-json\/wp\/v2\/comments?post=52"}],"version-history":[{"count":2,"href":"https:\/\/magnesioimsa.es\/index.php\/wp-json\/wp\/v2\/pages\/52\/revisions"}],"predecessor-version":[{"id":133,"href":"https:\/\/magnesioimsa.es\/index.php\/wp-json\/wp\/v2\/pages\/52\/revisions\/133"}],"wp:attachment":[{"href":"https:\/\/magnesioimsa.es\/index.php\/wp-json\/wp\/v2\/media?parent=52"}],"curies":[{"name":"wp","href":"https:\/\/api.w.org\/{rel}","templated":true}]}}