{"id":47,"date":"2016-04-11T12:07:37","date_gmt":"2016-04-11T12:07:37","guid":{"rendered":"http:\/\/magnesioimsa.es\/?page_id=47"},"modified":"2016-04-11T12:07:37","modified_gmt":"2016-04-11T12:07:37","slug":"sobre-imsa-2","status":"publish","type":"page","link":"https:\/\/magnesioimsa.es\/index.php\/sobre-imsa-2\/","title":{"rendered":"Sobre IMSA"},"content":{"rendered":"<p>[row]<br \/>\n[one_half]<\/p>\n<h3>Extracci\u00f3n y comercializaci\u00f3n de Magnesio<\/h3>\n<p>Magnesio Santa Isabel es una empresa con sede en Almansa (Albacete) con competencias clave en los \u00e1mbitos de la salud y la agricultura. Con la extracci\u00f3n y comercializaci\u00f3n de nuestras sales de magnesio queremos contribuir a mejorar la calidad de vida. Al mismo tiempo queremos instituir valores a trav\u00e9s de nuestra filosof\u00eda y honestidad en el desarrollo de nuestra empresa y nuestros productos.[\/one_half]<br \/>\n[one_half][imageframe style=&#8221;none&#8221; bordercolor=&#8221;&#8221; bordersize=&#8221;0px&#8221; dropcolor=&#8221;&#8221; bottomshadow=&#8221;none&#8221; align=&#8221;left&#8221; mright=&#8221;0px&#8221; mleft=&#8221;0px&#8221; lightbox=&#8221;no&#8221; animation_type=&#8221;0&#8243; animation_speed=&#8221;&#8221;]<img decoding=\"async\" src=\"http:\/\/magnesioimsa.es\/wp-content\/uploads\/2016\/04\/sobre-imsa.jpg\" alt=\"\" \/>[\/imageframe][\/one_half]<br \/>\n[\/row]<\/p>\n","protected":false},"excerpt":{"rendered":"<p>[row] [one_half] Extracci\u00f3n y comercializaci\u00f3n de Magnesio Magnesio Santa Isabel es una empresa con sede en Almansa (Albacete) con competencias clave en los \u00e1mbitos de la salud y la agricultura. Con la extracci\u00f3n y comercializaci\u00f3n de nuestras sales de magnesio queremos contribuir a mejorar la calidad de vida. Al mismo tiempo queremos instituir valores a [&hellip;]<\/p>\n","protected":false},"author":1,"featured_media":0,"parent":0,"menu_order":0,"comment_status":"closed","ping_status":"closed","template":"","meta":{"_genesis_hide_title":false,"_genesis_hide_breadcrumbs":false,"_genesis_hide_singular_image":false,"_genesis_hide_footer_widgets":false,"_genesis_custom_body_class":"","_genesis_custom_post_class":"","_genesis_layout":"","footnotes":""},"class_list":{"0":"post-47","1":"page","2":"type-page","3":"status-publish","5":"entry"},"_links":{"self":[{"href":"https:\/\/magnesioimsa.es\/index.php\/wp-json\/wp\/v2\/pages\/47","targetHints":{"allow":["GET"]}}],"collection":[{"href":"https:\/\/magnesioimsa.es\/index.php\/wp-json\/wp\/v2\/pages"}],"about":[{"href":"https:\/\/magnesioimsa.es\/index.php\/wp-json\/wp\/v2\/types\/page"}],"author":[{"embeddable":true,"href":"https:\/\/magnesioimsa.es\/index.php\/wp-json\/wp\/v2\/users\/1"}],"replies":[{"embeddable":true,"href":"https:\/\/magnesioimsa.es\/index.php\/wp-json\/wp\/v2\/comments?post=47"}],"version-history":[{"count":0,"href":"https:\/\/magnesioimsa.es\/index.php\/wp-json\/wp\/v2\/pages\/47\/revisions"}],"wp:attachment":[{"href":"https:\/\/magnesioimsa.es\/index.php\/wp-json\/wp\/v2\/media?parent=47"}],"curies":[{"name":"wp","href":"https:\/\/api.w.org\/{rel}","templated":true}]}}