{"id":31,"date":"2024-04-03T12:16:04","date_gmt":"2024-04-03T10:16:04","guid":{"rendered":"https:\/\/magnesioimsa.es\/?page_id=31"},"modified":"2024-04-03T12:16:04","modified_gmt":"2024-04-03T10:16:04","slug":"sobre-imsa","status":"publish","type":"page","link":"https:\/\/magnesioimsa.es\/index.php\/sobre-imsa\/","title":{"rendered":"Sobre IMSA"},"content":{"rendered":"\n<div class=\"wp-block-columns alignwide is-layout-flex wp-container-core-columns-is-layout-9d6595d7 wp-block-columns-is-layout-flex\">\n<div class=\"wp-block-column is-layout-flow wp-block-column-is-layout-flow\">\n<h2 class=\"wp-block-heading\">Extracci\u00f3n y comercializaci\u00f3n de Magnesio<\/h2>\n\n\n\n<p>Magnesio Santa Isabel es una empresa con sede en Almansa (Albacete) con competencias clave en los \u00e1mbitos de la salud y la agricultura. Con la extracci\u00f3n y comercializaci\u00f3n de nuestras sales de magnesio queremos contribuir a mejorar la calidad de vida. Al mismo tiempo queremos instituir valores a trav\u00e9s de nuestra filosof\u00eda y honestidad en el desarrollo de nuestra empresa y nuestros productos.<\/p>\n<\/div>\n\n\n\n<div class=\"wp-block-column is-layout-flow wp-block-column-is-layout-flow\">\n<figure class=\"wp-block-image size-full\"><img loading=\"lazy\" decoding=\"async\" width=\"699\" height=\"414\" src=\"https:\/\/magnesioimsa.es\/wp-content\/uploads\/2024\/04\/sobre-imsa.jpeg\" alt=\"\" class=\"wp-image-32\" srcset=\"https:\/\/magnesioimsa.es\/wp-content\/uploads\/2024\/04\/sobre-imsa.jpeg 699w, https:\/\/magnesioimsa.es\/wp-content\/uploads\/2024\/04\/sobre-imsa-300x178.jpeg 300w\" sizes=\"auto, (max-width: 699px) 100vw, 699px\" \/><\/figure>\n<\/div>\n<\/div>\n","protected":false},"excerpt":{"rendered":"<p>Extracci\u00f3n y comercializaci\u00f3n de Magnesio Magnesio Santa Isabel es una empresa con sede en Almansa (Albacete) con competencias clave en los \u00e1mbitos de la salud y la agricultura. Con la extracci\u00f3n y comercializaci\u00f3n de nuestras sales de magnesio queremos contribuir a mejorar la calidad de vida. Al mismo tiempo queremos instituir valores a trav\u00e9s de [&hellip;]<\/p>\n","protected":false},"author":1,"featured_media":0,"parent":0,"menu_order":0,"comment_status":"closed","ping_status":"closed","template":"","meta":{"_genesis_hide_title":false,"_genesis_hide_breadcrumbs":false,"_genesis_hide_singular_image":false,"_genesis_hide_footer_widgets":false,"_genesis_custom_body_class":"","_genesis_custom_post_class":"","_genesis_layout":"","footnotes":""},"class_list":{"0":"post-31","1":"page","2":"type-page","3":"status-publish","5":"entry"},"_links":{"self":[{"href":"https:\/\/magnesioimsa.es\/index.php\/wp-json\/wp\/v2\/pages\/31","targetHints":{"allow":["GET"]}}],"collection":[{"href":"https:\/\/magnesioimsa.es\/index.php\/wp-json\/wp\/v2\/pages"}],"about":[{"href":"https:\/\/magnesioimsa.es\/index.php\/wp-json\/wp\/v2\/types\/page"}],"author":[{"embeddable":true,"href":"https:\/\/magnesioimsa.es\/index.php\/wp-json\/wp\/v2\/users\/1"}],"replies":[{"embeddable":true,"href":"https:\/\/magnesioimsa.es\/index.php\/wp-json\/wp\/v2\/comments?post=31"}],"version-history":[{"count":2,"href":"https:\/\/magnesioimsa.es\/index.php\/wp-json\/wp\/v2\/pages\/31\/revisions"}],"predecessor-version":[{"id":34,"href":"https:\/\/magnesioimsa.es\/index.php\/wp-json\/wp\/v2\/pages\/31\/revisions\/34"}],"wp:attachment":[{"href":"https:\/\/magnesioimsa.es\/index.php\/wp-json\/wp\/v2\/media?parent=31"}],"curies":[{"name":"wp","href":"https:\/\/api.w.org\/{rel}","templated":true}]}}