{"id":22,"date":"2024-04-03T12:11:43","date_gmt":"2024-04-03T10:11:43","guid":{"rendered":"https:\/\/magnesioimsa.es\/?page_id=22"},"modified":"2024-04-03T12:11:44","modified_gmt":"2024-04-03T10:11:44","slug":"importancia-del-magnesio","status":"publish","type":"page","link":"https:\/\/magnesioimsa.es\/index.php\/importancia-del-magnesio\/","title":{"rendered":"Importancia del magnesio"},"content":{"rendered":"\n<p>Para un normal crecimiento de las plantas se requiere una serie de elementos minerales. Unos los toman del aire, caso del CARBONO, HIDROGENO y OXIGENO, mientras que otros los toman del suelo, como son los macroelementos NITROGENO, FOSFORO, POTASIO, CALCIO, MAGNESIO y AZUFRE y los microelementos BORO, CLORO, COBRE, HIERRO, MOLIBDENO, ZINC y MANGANESO.<\/p>\n\n\n\n<p>Dentro de los macroelernentos el NITR\u00d3GENO, FOSFORO y POTASIO est\u00e1 fuera de toda duda su importancia, y el agricultor los aplica normalmente con el abono tradicional. Pero no ocurre lo mismo con el CALCIO, MAGNESIO y AZUFRE.<\/p>\n\n\n\n<p>Con el CALCIO, no existen problemas en las tierras calizas de pH alto. En las \u00e1cidas se recurre a encalar.<\/p>\n\n\n\n<p>Con el AZUFRE, tampoco suele existir graves problemas, puesto que muchos abonos simples incorporan este elemento este elemento en cantidades apreciables (caso del Sulfato am\u00f3nico, Superfosfato de cal y Sulfato de potasa, por ejemplo).<\/p>\n\n\n\n<p>Sin embargo, con el MAGNESIO no ocurre lo mismo, ya que su incorporaci\u00f3n al terreno no se realiza con los abonos tradicionales, salvo con alg\u00fan que otro abono complejo cuaternario con Magnesio (N-P-K-Mg). Si a esto unimos un intensivo aprovechamiento de los suelos, en particular los regad\u00edos y los destinados a cultivos le\u00f1osos, nos encontraremos que muchas tierras presentan una marcada deficiencia de este elemento.<\/p>\n\n\n\n<p>La mayor parte del MAGNESIO est\u00e1 en forma i\u00f3nica, (es decir, formando sales), en la savia y otra parte important\u00edsima, formando complejos de alta energ\u00eda: ATP, GTP, etc., que son las mol\u00e9culas que intervienen en todas las bios\u00edntesis y por lo tanto en la formaci\u00f3n de prote\u00ednas, almid\u00f3n, etc. Sabido esto, no puede extra\u00f1amos que \u00e1rboles que presentan un buen aspecto, no lleven a cabo la fructuaci\u00f3n y dejen caer los frutos; estos \u00e1rboles han agotado el MAGNESIO y no pueden fabricar las sustancias que se necesitan para llevar la cosecha a buen t\u00e9rmino.<\/p>\n\n\n\n<p>Se han hecho experiencias en Francia y en Norteam\u00e9rica y se ha visto que, agregando MAGNESIO al terreno, la sanidad en las granjas mejoraba hasta el punto de pr\u00e1cticamente desaparecer las enfermedades.<\/p>\n","protected":false},"excerpt":{"rendered":"<p>Para un normal crecimiento de las plantas se requiere una serie de elementos minerales. Unos los toman del aire, caso del CARBONO, HIDROGENO y OXIGENO, mientras que otros los toman del suelo, como son los macroelementos NITROGENO, FOSFORO, POTASIO, CALCIO, MAGNESIO y AZUFRE y los microelementos BORO, CLORO, COBRE, HIERRO, MOLIBDENO, ZINC y MANGANESO. Dentro [&hellip;]<\/p>\n","protected":false},"author":1,"featured_media":0,"parent":0,"menu_order":0,"comment_status":"closed","ping_status":"closed","template":"","meta":{"_genesis_hide_title":false,"_genesis_hide_breadcrumbs":false,"_genesis_hide_singular_image":false,"_genesis_hide_footer_widgets":false,"_genesis_custom_body_class":"","_genesis_custom_post_class":"","_genesis_layout":"","footnotes":""},"class_list":{"0":"post-22","1":"page","2":"type-page","3":"status-publish","5":"entry"},"_links":{"self":[{"href":"https:\/\/magnesioimsa.es\/index.php\/wp-json\/wp\/v2\/pages\/22","targetHints":{"allow":["GET"]}}],"collection":[{"href":"https:\/\/magnesioimsa.es\/index.php\/wp-json\/wp\/v2\/pages"}],"about":[{"href":"https:\/\/magnesioimsa.es\/index.php\/wp-json\/wp\/v2\/types\/page"}],"author":[{"embeddable":true,"href":"https:\/\/magnesioimsa.es\/index.php\/wp-json\/wp\/v2\/users\/1"}],"replies":[{"embeddable":true,"href":"https:\/\/magnesioimsa.es\/index.php\/wp-json\/wp\/v2\/comments?post=22"}],"version-history":[{"count":1,"href":"https:\/\/magnesioimsa.es\/index.php\/wp-json\/wp\/v2\/pages\/22\/revisions"}],"predecessor-version":[{"id":23,"href":"https:\/\/magnesioimsa.es\/index.php\/wp-json\/wp\/v2\/pages\/22\/revisions\/23"}],"wp:attachment":[{"href":"https:\/\/magnesioimsa.es\/index.php\/wp-json\/wp\/v2\/media?parent=22"}],"curies":[{"name":"wp","href":"https:\/\/api.w.org\/{rel}","templated":true}]}}